{"id":6506,"date":"2021-04-15T18:37:31","date_gmt":"2021-04-15T18:37:31","guid":{"rendered":"http:\/\/howick.nfsb.qc.ca\/?page_id=6506"},"modified":"2026-03-20T10:07:23","modified_gmt":"2026-03-20T14:07:23","slug":"problem","status":"publish","type":"page","link":"https:\/\/howick.nfsb.qc.ca\/fr\/problem\/","title":{"rendered":"Un probl\u00e8me \u00e0 l'\u00e9cole ?"},"content":{"rendered":"","protected":false},"excerpt":{"rendered":"","protected":false},"author":2,"featured_media":0,"parent":0,"menu_order":0,"comment_status":"closed","ping_status":"closed","template":"","meta":{"footnotes":""},"class_list":["post-6506","page","type-page","status-publish","hentry"],"publishpress_future_action":{"enabled":false,"date":"2026-04-28 11:24:21","action":"change-status","newStatus":"draft","terms":[],"taxonomy":"","extraData":[]},"publishpress_future_workflow_manual_trigger":{"enabledWorkflows":[]},"_links":{"self":[{"href":"https:\/\/howick.nfsb.qc.ca\/fr\/wp-json\/wp\/v2\/pages\/6506","targetHints":{"allow":["GET"]}}],"collection":[{"href":"https:\/\/howick.nfsb.qc.ca\/fr\/wp-json\/wp\/v2\/pages"}],"about":[{"href":"https:\/\/howick.nfsb.qc.ca\/fr\/wp-json\/wp\/v2\/types\/page"}],"author":[{"embeddable":true,"href":"https:\/\/howick.nfsb.qc.ca\/fr\/wp-json\/wp\/v2\/users\/2"}],"replies":[{"embeddable":true,"href":"https:\/\/howick.nfsb.qc.ca\/fr\/wp-json\/wp\/v2\/comments?post=6506"}],"version-history":[{"count":5,"href":"https:\/\/howick.nfsb.qc.ca\/fr\/wp-json\/wp\/v2\/pages\/6506\/revisions"}],"predecessor-version":[{"id":20700,"href":"https:\/\/howick.nfsb.qc.ca\/fr\/wp-json\/wp\/v2\/pages\/6506\/revisions\/20700"}],"wp:attachment":[{"href":"https:\/\/howick.nfsb.qc.ca\/fr\/wp-json\/wp\/v2\/media?parent=6506"}],"curies":[{"name":"wp","href":"https:\/\/api.w.org\/{rel}","templated":true}]}}