{"id":6948,"date":"2022-07-08T15:33:13","date_gmt":"2022-07-08T15:33:13","guid":{"rendered":"https:\/\/howick.nfsb.qc.ca\/?page_id=6948"},"modified":"2025-11-26T09:36:42","modified_gmt":"2025-11-26T14:36:42","slug":"rules-of-conduct-and-safety","status":"publish","type":"page","link":"https:\/\/howick.nfsb.qc.ca\/fr\/rules-of-conduct-and-safety\/","title":{"rendered":"R\u00e8gles de conduite et de s\u00e9curit\u00e9 et ABAV"},"content":{"rendered":"<p>A venir !<\/p>","protected":false},"excerpt":{"rendered":"<p>A venir !<\/p>","protected":false},"author":4,"featured_media":0,"parent":0,"menu_order":0,"comment_status":"closed","ping_status":"closed","template":"","meta":{"footnotes":""},"class_list":["post-6948","page","type-page","status-publish","hentry"],"publishpress_future_action":{"enabled":false,"date":"2026-04-28 10:55:08","action":"change-status","newStatus":"draft","terms":[],"taxonomy":"","extraData":[]},"publishpress_future_workflow_manual_trigger":{"enabledWorkflows":[]},"_links":{"self":[{"href":"https:\/\/howick.nfsb.qc.ca\/fr\/wp-json\/wp\/v2\/pages\/6948","targetHints":{"allow":["GET"]}}],"collection":[{"href":"https:\/\/howick.nfsb.qc.ca\/fr\/wp-json\/wp\/v2\/pages"}],"about":[{"href":"https:\/\/howick.nfsb.qc.ca\/fr\/wp-json\/wp\/v2\/types\/page"}],"author":[{"embeddable":true,"href":"https:\/\/howick.nfsb.qc.ca\/fr\/wp-json\/wp\/v2\/users\/4"}],"replies":[{"embeddable":true,"href":"https:\/\/howick.nfsb.qc.ca\/fr\/wp-json\/wp\/v2\/comments?post=6948"}],"version-history":[{"count":6,"href":"https:\/\/howick.nfsb.qc.ca\/fr\/wp-json\/wp\/v2\/pages\/6948\/revisions"}],"predecessor-version":[{"id":19299,"href":"https:\/\/howick.nfsb.qc.ca\/fr\/wp-json\/wp\/v2\/pages\/6948\/revisions\/19299"}],"wp:attachment":[{"href":"https:\/\/howick.nfsb.qc.ca\/fr\/wp-json\/wp\/v2\/media?parent=6948"}],"curies":[{"name":"wp","href":"https:\/\/api.w.org\/{rel}","templated":true}]}}